{"id":5563,"date":"2021-09-29T17:14:29","date_gmt":"2021-09-29T14:14:29","guid":{"rendered":"https:\/\/www.selry.fi\/?page_id=5563"},"modified":"2025-03-05T01:03:00","modified_gmt":"2025-03-04T23:03:00","slug":"kontakt","status":"publish","type":"page","link":"https:\/\/www.selry.fi\/sv\/kontakt\/","title":{"rendered":"Kontakt"},"content":{"rendered":"\n<p>Finlands Livsmedelsarbetaref\u00f6rbund SEL<br>Stationskarlsgatan 2, 8. v\u00e5n.<br>00520 Helsingfors<\/p>\n\n\n\n<p>tel. 09 4246\u200b 1200<br>E-post till personalen: fornamn.tillnamn@selry.fi<br><br><a href=\"http:\/\/www.selry.fi\/easiointi\" target=\"_blank\" rel=\"noreferrer noopener\">>> SEL:s eTj\u00e4nsten f\u00f6r SEL:s medlemmar www.selry.fi\/easiointi<\/a><br><br><a href=\"https:\/\/a-kassa.fi\/sv\/forstasida\/\" target=\"_blank\" rel=\"noreferrer noopener\">>> \u00d6ppna arbetsl\u00f6shetskassan A-kassan f\u00f6r SEL:s medlemmar<\/a><\/p>\n\n\n\n<p><em>Om du arbetar p\u00e5 \u00c5land och du har fr\u00e5gor om dina arbetsvillkor, tag d\u00e5 kontakt med f\u00f6rtroendemannen p\u00e5 din egen arbetsplats eller med FFC:s region- och organisationsexpert Kristiina Linna, tel. 044 430 9766, kristiina.linna@sak.fi<\/em>.<\/p>\n","protected":false},"excerpt":{"rendered":"<p>Finlands Livsmedelsarbetaref\u00f6rbund SELStationskarlsgatan 2, 8. v\u00e5n.00520 Helsingfors tel. 09 4246\u200b 1200E-post till personalen: fornamn.tillnamn@selry.fi >> SEL:s eTj\u00e4nsten f\u00f6r SEL:s medlemmar [\u2026] <a href=\"https:\/\/www.selry.fi\/sv\/kontakt\/\">Lue lis\u00e4\u00e4 &raquo;<\/a><\/p>\n","protected":false},"author":4,"featured_media":0,"parent":0,"menu_order":0,"comment_status":"closed","ping_status":"closed","template":"","meta":{"_acf_changed":false,"footnotes":""},"class_list":["post-5563","page","type-page","status-publish","hentry"],"acf":[],"yoast_head":"<!-- This site is optimized with the Yoast SEO plugin v27.2 - https:\/\/yoast.com\/product\/yoast-seo-wordpress\/ -->\n<title>Kontakt<\/title>\n<meta name=\"robots\" content=\"index, follow, max-snippet:-1, max-image-preview:large, max-video-preview:-1\" \/>\n<link rel=\"canonical\" href=\"https:\/\/www.selry.fi\/sv\/kontakt\/\" \/>\n<meta property=\"og:locale\" content=\"sv_SE\" \/>\n<meta property=\"og:type\" content=\"article\" \/>\n<meta property=\"og:title\" content=\"Kontakt\" \/>\n<meta property=\"og:description\" content=\"Finlands Livsmedelsarbetaref\u00f6rbund SELStationskarlsgatan 2, 8. v\u00e5n.00520 Helsingfors tel. 09 4246\u200b 1200E-post till personalen: fornamn.tillnamn@selry.fi &gt;&gt; SEL:s eTj\u00e4nsten f\u00f6r SEL:s medlemmar [\u2026] Lue lis\u00e4\u00e4 &raquo;\" \/>\n<meta property=\"og:url\" content=\"https:\/\/www.selry.fi\/sv\/kontakt\/\" \/>\n<meta property=\"og:site_name\" content=\"Suomen Elintarvikety\u00f6l\u00e4isten Liitto SEL\" \/>\n<meta property=\"article:publisher\" content=\"https:\/\/www.facebook.com\/selry\" \/>\n<meta property=\"article:modified_time\" content=\"2025-03-04T23:03:00+00:00\" \/>\n<meta property=\"og:image\" content=\"https:\/\/www.selry.fi\/wp-content\/uploads\/2021\/05\/sel-placeholder-image.jpg\" \/>\n\t<meta property=\"og:image:width\" content=\"1920\" \/>\n\t<meta property=\"og:image:height\" content=\"1080\" \/>\n\t<meta property=\"og:image:type\" content=\"image\/jpeg\" \/>\n<meta name=\"twitter:card\" content=\"summary_large_image\" \/>\n<meta name=\"twitter:site\" content=\"@selryfi\" \/>\n<script type=\"application\/ld+json\" class=\"yoast-schema-graph\">{\"@context\":\"https:\/\/schema.org\",\"@graph\":[{\"@type\":\"WebPage\",\"@id\":\"https:\/\/www.selry.fi\/sv\/kontakt\/\",\"url\":\"https:\/\/www.selry.fi\/sv\/kontakt\/\",\"name\":\"Kontakt\",\"isPartOf\":{\"@id\":\"https:\/\/www.selry.fi\/#website\"},\"datePublished\":\"2021-09-29T14:14:29+00:00\",\"dateModified\":\"2025-03-04T23:03:00+00:00\",\"breadcrumb\":{\"@id\":\"https:\/\/www.selry.fi\/sv\/kontakt\/#breadcrumb\"},\"inLanguage\":\"sv-SE\",\"potentialAction\":[{\"@type\":\"ReadAction\",\"target\":[\"https:\/\/www.selry.fi\/sv\/kontakt\/\"]}]},{\"@type\":\"BreadcrumbList\",\"@id\":\"https:\/\/www.selry.fi\/sv\/kontakt\/#breadcrumb\",\"itemListElement\":[{\"@type\":\"ListItem\",\"position\":1,\"name\":\"Home\",\"item\":\"https:\/\/www.selry.fi\/sv\/\"},{\"@type\":\"ListItem\",\"position\":2,\"name\":\"Kontakt\"}]},{\"@type\":\"WebSite\",\"@id\":\"https:\/\/www.selry.fi\/#website\",\"url\":\"https:\/\/www.selry.fi\/\",\"name\":\"Suomen Elintarvikety\u00f6l\u00e4isten Liitto SEL\",\"description\":\"\",\"publisher\":{\"@id\":\"https:\/\/www.selry.fi\/#organization\"},\"inLanguage\":\"sv-SE\"},{\"@type\":\"Organization\",\"@id\":\"https:\/\/www.selry.fi\/#organization\",\"name\":\"Suomen Elintarvikety\u00f6l\u00e4isten Liitto SEL\",\"url\":\"https:\/\/www.selry.fi\/\",\"logo\":{\"@type\":\"ImageObject\",\"inLanguage\":\"sv-SE\",\"@id\":\"https:\/\/www.selry.fi\/#\/schema\/logo\/image\/\",\"url\":\"https:\/\/www.selry.fi\/wp-content\/uploads\/2021\/05\/logo-sel.svg\",\"contentUrl\":\"https:\/\/www.selry.fi\/wp-content\/uploads\/2021\/05\/logo-sel.svg\",\"width\":453,\"height\":135,\"caption\":\"Suomen Elintarvikety\u00f6l\u00e4isten Liitto SEL\"},\"image\":{\"@id\":\"https:\/\/www.selry.fi\/#\/schema\/logo\/image\/\"},\"sameAs\":[\"https:\/\/www.facebook.com\/selry\",\"https:\/\/x.com\/selryfi\"]}]}<\/script>\n<!-- \/ Yoast SEO plugin. -->","yoast_head_json":{"title":"Kontakt","robots":{"index":"index","follow":"follow","max-snippet":"max-snippet:-1","max-image-preview":"max-image-preview:large","max-video-preview":"max-video-preview:-1"},"canonical":"https:\/\/www.selry.fi\/sv\/kontakt\/","og_locale":"sv_SE","og_type":"article","og_title":"Kontakt","og_description":"Finlands Livsmedelsarbetaref\u00f6rbund SELStationskarlsgatan 2, 8. v\u00e5n.00520 Helsingfors tel. 09 4246\u200b 1200E-post till personalen: fornamn.tillnamn@selry.fi >> SEL:s eTj\u00e4nsten f\u00f6r SEL:s medlemmar [\u2026] Lue lis\u00e4\u00e4 &raquo;","og_url":"https:\/\/www.selry.fi\/sv\/kontakt\/","og_site_name":"Suomen Elintarvikety\u00f6l\u00e4isten Liitto SEL","article_publisher":"https:\/\/www.facebook.com\/selry","article_modified_time":"2025-03-04T23:03:00+00:00","og_image":[{"width":1920,"height":1080,"url":"https:\/\/www.selry.fi\/wp-content\/uploads\/2021\/05\/sel-placeholder-image.jpg","type":"image\/jpeg"}],"twitter_card":"summary_large_image","twitter_site":"@selryfi","schema":{"@context":"https:\/\/schema.org","@graph":[{"@type":"WebPage","@id":"https:\/\/www.selry.fi\/sv\/kontakt\/","url":"https:\/\/www.selry.fi\/sv\/kontakt\/","name":"Kontakt","isPartOf":{"@id":"https:\/\/www.selry.fi\/#website"},"datePublished":"2021-09-29T14:14:29+00:00","dateModified":"2025-03-04T23:03:00+00:00","breadcrumb":{"@id":"https:\/\/www.selry.fi\/sv\/kontakt\/#breadcrumb"},"inLanguage":"sv-SE","potentialAction":[{"@type":"ReadAction","target":["https:\/\/www.selry.fi\/sv\/kontakt\/"]}]},{"@type":"BreadcrumbList","@id":"https:\/\/www.selry.fi\/sv\/kontakt\/#breadcrumb","itemListElement":[{"@type":"ListItem","position":1,"name":"Home","item":"https:\/\/www.selry.fi\/sv\/"},{"@type":"ListItem","position":2,"name":"Kontakt"}]},{"@type":"WebSite","@id":"https:\/\/www.selry.fi\/#website","url":"https:\/\/www.selry.fi\/","name":"Suomen Elintarvikety\u00f6l\u00e4isten Liitto SEL","description":"","publisher":{"@id":"https:\/\/www.selry.fi\/#organization"},"inLanguage":"sv-SE"},{"@type":"Organization","@id":"https:\/\/www.selry.fi\/#organization","name":"Suomen Elintarvikety\u00f6l\u00e4isten Liitto SEL","url":"https:\/\/www.selry.fi\/","logo":{"@type":"ImageObject","inLanguage":"sv-SE","@id":"https:\/\/www.selry.fi\/#\/schema\/logo\/image\/","url":"https:\/\/www.selry.fi\/wp-content\/uploads\/2021\/05\/logo-sel.svg","contentUrl":"https:\/\/www.selry.fi\/wp-content\/uploads\/2021\/05\/logo-sel.svg","width":453,"height":135,"caption":"Suomen Elintarvikety\u00f6l\u00e4isten Liitto SEL"},"image":{"@id":"https:\/\/www.selry.fi\/#\/schema\/logo\/image\/"},"sameAs":["https:\/\/www.facebook.com\/selry","https:\/\/x.com\/selryfi"]}]}},"_links":{"self":[{"href":"https:\/\/www.selry.fi\/sv\/wp-json\/wp\/v2\/pages\/5563","targetHints":{"allow":["GET"]}}],"collection":[{"href":"https:\/\/www.selry.fi\/sv\/wp-json\/wp\/v2\/pages"}],"about":[{"href":"https:\/\/www.selry.fi\/sv\/wp-json\/wp\/v2\/types\/page"}],"author":[{"embeddable":true,"href":"https:\/\/www.selry.fi\/sv\/wp-json\/wp\/v2\/users\/4"}],"replies":[{"embeddable":true,"href":"https:\/\/www.selry.fi\/sv\/wp-json\/wp\/v2\/comments?post=5563"}],"version-history":[{"count":0,"href":"https:\/\/www.selry.fi\/sv\/wp-json\/wp\/v2\/pages\/5563\/revisions"}],"wp:attachment":[{"href":"https:\/\/www.selry.fi\/sv\/wp-json\/wp\/v2\/media?parent=5563"}],"curies":[{"name":"wp","href":"https:\/\/api.w.org\/{rel}","templated":true}]}}