{"id":3610,"date":"2021-05-28T09:12:06","date_gmt":"2021-05-28T06:12:06","guid":{"rendered":"https:\/\/www.selry.fi\/?page_id=3610"},"modified":"2025-03-05T01:11:30","modified_gmt":"2025-03-04T23:11:30","slug":"arbetsloshetskassa","status":"publish","type":"page","link":"https:\/\/www.selry.fi\/sv\/arbetsloshetskassa\/","title":{"rendered":"Arbetsl\u00f6shetskassa"},"content":{"rendered":"\n<p class=\"has-ingressi-font-size\"><strong>Om du blir arbetsl\u00f6s eller permitterad<\/strong><\/p>\n\n\n\n<p><strong>\u00d6ppna arbetsl\u00f6shetskassan A-kassan<\/strong><br>PB 116<br>00531 Helsingfors<br><strong>Servicenummer 020&nbsp;690 455<\/strong><br><a href=\"https:\/\/a-kassa.fi\/sv\" target=\"_blank\" rel=\"noreferrer noopener\"><strong>&gt;&gt; https:\/\/a-kassa.fi\/sv<\/strong><\/a><\/p>\n\n\n\n<p><strong>S\u00e5 h\u00e4r s\u00f6ker du dagpenning<\/strong><\/p>\n\n\n\n<p>1. Anm\u00e4l dig senast den f\u00f6rsta arbetsl\u00f6shets eller permitteringsdagen som arbetsl\u00f6s arbetss\u00f6kande till <a href=\"https:\/\/tyomarkkinatori.fi\/sv\/personkunder\" target=\"_blank\" rel=\"noreferrer noopener\">Jobbmarknaden<\/a>.<\/p>\n\n\n\n<p>2. Fyll i ans\u00f6kan via <a href=\"https:\/\/a-kassa.fi\/sv\" target=\"_blank\" rel=\"noreferrer noopener\">A-kassans E-tj\u00e4nst<\/a> efter avslutad ans\u00f6kningsperiod.<\/p>\n\n\n\n<p>3. Kontrollera att du har alla beh\u00f6vliga bilagor f\u00f6r ans\u00f6kan om dagpenning.<\/p>\n\n\n\n<p>4. Skicka ans\u00f6kan om dagpenning med bilagor.<\/p>\n\n\n\n<p>5. Leverera eventuella beg\u00e4rda till\u00e4ggsutredningar och bilagor som fattas.<\/p>\n\n\n\n<p>Du hittar E-tj\u00e4nsten och ans\u00f6kningsinstruktioner p\u00e5 sidan <a href=\"https:\/\/a-kassa.fi\/sv\" target=\"_blank\" rel=\"noreferrer noopener\">https:\/\/a-kassa.fi\/sv<\/a>. Du kan kontrollera behandlingssituationen och svarstiden f\u00f6r inkommande E-tj\u00e4nstens meddelanden i sammanhang med behandlingssituationen.<\/p>\n\n\n\n<p>Om du inte kan anv\u00e4nda E-tj\u00e4nsten hittar du instruktionerna p\u00e5 sidan <a href=\"https:\/\/a-kassa.fi\/sv\/etjansten-tips\" target=\"_blank\" rel=\"noreferrer noopener sponsored nofollow\">https:\/\/a-kassa.fi\/sv\/etjansten-tips<\/a>.<\/p>\n","protected":false},"excerpt":{"rendered":"<p>Om du blir arbetsl\u00f6s eller permitterad \u00d6ppna arbetsl\u00f6shetskassan A-kassanPB 11600531 HelsingforsServicenummer 020&nbsp;690 455&gt;&gt; https:\/\/a-kassa.fi\/sv S\u00e5 h\u00e4r s\u00f6ker du dagpenning 1. [\u2026] <a href=\"https:\/\/www.selry.fi\/sv\/arbetsloshetskassa\/\">Lue lis\u00e4\u00e4 &raquo;<\/a><\/p>\n","protected":false},"author":1,"featured_media":0,"parent":0,"menu_order":0,"comment_status":"closed","ping_status":"closed","template":"","meta":{"_acf_changed":false,"footnotes":""},"class_list":["post-3610","page","type-page","status-publish","hentry"],"acf":[],"yoast_head":"<!-- This site is optimized with the Yoast SEO plugin v27.2 - https:\/\/yoast.com\/product\/yoast-seo-wordpress\/ -->\n<title>Arbetsl\u00f6shetskassa<\/title>\n<meta name=\"robots\" content=\"index, follow, max-snippet:-1, max-image-preview:large, max-video-preview:-1\" \/>\n<link rel=\"canonical\" href=\"https:\/\/www.selry.fi\/sv\/arbetsloshetskassa\/\" \/>\n<meta property=\"og:locale\" content=\"sv_SE\" \/>\n<meta property=\"og:type\" content=\"article\" \/>\n<meta property=\"og:title\" content=\"Arbetsl\u00f6shetskassa\" \/>\n<meta property=\"og:description\" content=\"Om du blir arbetsl\u00f6s eller permitterad \u00d6ppna arbetsl\u00f6shetskassan A-kassanPB 11600531 HelsingforsServicenummer 020&nbsp;690 455&gt;&gt; https:\/\/a-kassa.fi\/sv S\u00e5 h\u00e4r s\u00f6ker du dagpenning 1. [\u2026] Lue lis\u00e4\u00e4 &raquo;\" \/>\n<meta property=\"og:url\" content=\"https:\/\/www.selry.fi\/sv\/arbetsloshetskassa\/\" \/>\n<meta property=\"og:site_name\" content=\"Suomen Elintarvikety\u00f6l\u00e4isten Liitto SEL\" \/>\n<meta property=\"article:publisher\" content=\"https:\/\/www.facebook.com\/selry\" \/>\n<meta property=\"article:modified_time\" content=\"2025-03-04T23:11:30+00:00\" \/>\n<meta property=\"og:image\" content=\"https:\/\/www.selry.fi\/wp-content\/uploads\/2021\/05\/sel-placeholder-image.jpg\" \/>\n\t<meta property=\"og:image:width\" content=\"1920\" \/>\n\t<meta property=\"og:image:height\" content=\"1080\" \/>\n\t<meta property=\"og:image:type\" content=\"image\/jpeg\" \/>\n<meta name=\"twitter:card\" content=\"summary_large_image\" \/>\n<meta name=\"twitter:site\" content=\"@selryfi\" \/>\n<script type=\"application\/ld+json\" class=\"yoast-schema-graph\">{\"@context\":\"https:\/\/schema.org\",\"@graph\":[{\"@type\":\"WebPage\",\"@id\":\"https:\/\/www.selry.fi\/sv\/arbetsloshetskassa\/\",\"url\":\"https:\/\/www.selry.fi\/sv\/arbetsloshetskassa\/\",\"name\":\"Arbetsl\u00f6shetskassa\",\"isPartOf\":{\"@id\":\"https:\/\/www.selry.fi\/#website\"},\"datePublished\":\"2021-05-28T06:12:06+00:00\",\"dateModified\":\"2025-03-04T23:11:30+00:00\",\"breadcrumb\":{\"@id\":\"https:\/\/www.selry.fi\/sv\/arbetsloshetskassa\/#breadcrumb\"},\"inLanguage\":\"sv-SE\",\"potentialAction\":[{\"@type\":\"ReadAction\",\"target\":[\"https:\/\/www.selry.fi\/sv\/arbetsloshetskassa\/\"]}]},{\"@type\":\"BreadcrumbList\",\"@id\":\"https:\/\/www.selry.fi\/sv\/arbetsloshetskassa\/#breadcrumb\",\"itemListElement\":[{\"@type\":\"ListItem\",\"position\":1,\"name\":\"Home\",\"item\":\"https:\/\/www.selry.fi\/sv\/\"},{\"@type\":\"ListItem\",\"position\":2,\"name\":\"Arbetsl\u00f6shetskassa\"}]},{\"@type\":\"WebSite\",\"@id\":\"https:\/\/www.selry.fi\/#website\",\"url\":\"https:\/\/www.selry.fi\/\",\"name\":\"Suomen Elintarvikety\u00f6l\u00e4isten Liitto SEL\",\"description\":\"\",\"publisher\":{\"@id\":\"https:\/\/www.selry.fi\/#organization\"},\"inLanguage\":\"sv-SE\"},{\"@type\":\"Organization\",\"@id\":\"https:\/\/www.selry.fi\/#organization\",\"name\":\"Suomen Elintarvikety\u00f6l\u00e4isten Liitto SEL\",\"url\":\"https:\/\/www.selry.fi\/\",\"logo\":{\"@type\":\"ImageObject\",\"inLanguage\":\"sv-SE\",\"@id\":\"https:\/\/www.selry.fi\/#\/schema\/logo\/image\/\",\"url\":\"https:\/\/www.selry.fi\/wp-content\/uploads\/2021\/05\/logo-sel.svg\",\"contentUrl\":\"https:\/\/www.selry.fi\/wp-content\/uploads\/2021\/05\/logo-sel.svg\",\"width\":453,\"height\":135,\"caption\":\"Suomen Elintarvikety\u00f6l\u00e4isten Liitto SEL\"},\"image\":{\"@id\":\"https:\/\/www.selry.fi\/#\/schema\/logo\/image\/\"},\"sameAs\":[\"https:\/\/www.facebook.com\/selry\",\"https:\/\/x.com\/selryfi\"]}]}<\/script>\n<!-- \/ Yoast SEO plugin. -->","yoast_head_json":{"title":"Arbetsl\u00f6shetskassa","robots":{"index":"index","follow":"follow","max-snippet":"max-snippet:-1","max-image-preview":"max-image-preview:large","max-video-preview":"max-video-preview:-1"},"canonical":"https:\/\/www.selry.fi\/sv\/arbetsloshetskassa\/","og_locale":"sv_SE","og_type":"article","og_title":"Arbetsl\u00f6shetskassa","og_description":"Om du blir arbetsl\u00f6s eller permitterad \u00d6ppna arbetsl\u00f6shetskassan A-kassanPB 11600531 HelsingforsServicenummer 020&nbsp;690 455&gt;&gt; https:\/\/a-kassa.fi\/sv S\u00e5 h\u00e4r s\u00f6ker du dagpenning 1. [\u2026] Lue lis\u00e4\u00e4 &raquo;","og_url":"https:\/\/www.selry.fi\/sv\/arbetsloshetskassa\/","og_site_name":"Suomen Elintarvikety\u00f6l\u00e4isten Liitto SEL","article_publisher":"https:\/\/www.facebook.com\/selry","article_modified_time":"2025-03-04T23:11:30+00:00","og_image":[{"width":1920,"height":1080,"url":"https:\/\/www.selry.fi\/wp-content\/uploads\/2021\/05\/sel-placeholder-image.jpg","type":"image\/jpeg"}],"twitter_card":"summary_large_image","twitter_site":"@selryfi","schema":{"@context":"https:\/\/schema.org","@graph":[{"@type":"WebPage","@id":"https:\/\/www.selry.fi\/sv\/arbetsloshetskassa\/","url":"https:\/\/www.selry.fi\/sv\/arbetsloshetskassa\/","name":"Arbetsl\u00f6shetskassa","isPartOf":{"@id":"https:\/\/www.selry.fi\/#website"},"datePublished":"2021-05-28T06:12:06+00:00","dateModified":"2025-03-04T23:11:30+00:00","breadcrumb":{"@id":"https:\/\/www.selry.fi\/sv\/arbetsloshetskassa\/#breadcrumb"},"inLanguage":"sv-SE","potentialAction":[{"@type":"ReadAction","target":["https:\/\/www.selry.fi\/sv\/arbetsloshetskassa\/"]}]},{"@type":"BreadcrumbList","@id":"https:\/\/www.selry.fi\/sv\/arbetsloshetskassa\/#breadcrumb","itemListElement":[{"@type":"ListItem","position":1,"name":"Home","item":"https:\/\/www.selry.fi\/sv\/"},{"@type":"ListItem","position":2,"name":"Arbetsl\u00f6shetskassa"}]},{"@type":"WebSite","@id":"https:\/\/www.selry.fi\/#website","url":"https:\/\/www.selry.fi\/","name":"Suomen Elintarvikety\u00f6l\u00e4isten Liitto SEL","description":"","publisher":{"@id":"https:\/\/www.selry.fi\/#organization"},"inLanguage":"sv-SE"},{"@type":"Organization","@id":"https:\/\/www.selry.fi\/#organization","name":"Suomen Elintarvikety\u00f6l\u00e4isten Liitto SEL","url":"https:\/\/www.selry.fi\/","logo":{"@type":"ImageObject","inLanguage":"sv-SE","@id":"https:\/\/www.selry.fi\/#\/schema\/logo\/image\/","url":"https:\/\/www.selry.fi\/wp-content\/uploads\/2021\/05\/logo-sel.svg","contentUrl":"https:\/\/www.selry.fi\/wp-content\/uploads\/2021\/05\/logo-sel.svg","width":453,"height":135,"caption":"Suomen Elintarvikety\u00f6l\u00e4isten Liitto SEL"},"image":{"@id":"https:\/\/www.selry.fi\/#\/schema\/logo\/image\/"},"sameAs":["https:\/\/www.facebook.com\/selry","https:\/\/x.com\/selryfi"]}]}},"_links":{"self":[{"href":"https:\/\/www.selry.fi\/sv\/wp-json\/wp\/v2\/pages\/3610","targetHints":{"allow":["GET"]}}],"collection":[{"href":"https:\/\/www.selry.fi\/sv\/wp-json\/wp\/v2\/pages"}],"about":[{"href":"https:\/\/www.selry.fi\/sv\/wp-json\/wp\/v2\/types\/page"}],"author":[{"embeddable":true,"href":"https:\/\/www.selry.fi\/sv\/wp-json\/wp\/v2\/users\/1"}],"replies":[{"embeddable":true,"href":"https:\/\/www.selry.fi\/sv\/wp-json\/wp\/v2\/comments?post=3610"}],"version-history":[{"count":0,"href":"https:\/\/www.selry.fi\/sv\/wp-json\/wp\/v2\/pages\/3610\/revisions"}],"wp:attachment":[{"href":"https:\/\/www.selry.fi\/sv\/wp-json\/wp\/v2\/media?parent=3610"}],"curies":[{"name":"wp","href":"https:\/\/api.w.org\/{rel}","templated":true}]}}