{"id":3609,"date":"2021-05-28T09:37:44","date_gmt":"2021-05-28T06:37:44","guid":{"rendered":"https:\/\/www.selry.fi\/?page_id=3609"},"modified":"2026-02-18T21:51:00","modified_gmt":"2026-02-18T19:51:00","slug":"kollektivavtalen","status":"publish","type":"page","link":"https:\/\/www.selry.fi\/sv\/kollektivavtalen\/","title":{"rendered":"Kollektivavtalen"},"content":{"rendered":"\n<p>Tack vare de kollektivavtal som SEL har f\u00f6rhandlat fram har du b\u00e4ttre anst\u00e4llningsvillkor \u00e4n vad som best\u00e4ms i lagen. P\u00e5 din arbetsplats kan man ing\u00e5 lokala avtal som ger b\u00e4ttre l\u00f6ner och andra anst\u00e4llningsvillkor \u00e4r vad kollektivavtalet ger, men inte s\u00e4mre.<\/p>\n\n\n\n<p>Att kollektivavtalen \u00e4r allm\u00e4nt bindande inneb\u00e4r att de g\u00e4ller alla arbetsgivare och arbetstagare i branschen, ocks\u00e5 de som inte \u00e4r organiserade som medlemmar i arbetsgivarf\u00f6rbundet eller fackf\u00f6rbundet.<\/p>\n\n\n\n<p><a href=\"https:\/\/www.selry.fi\/wp-content\/uploads\/2025\/10\/kollektivavtal-for-bageriarbetstagare-14420253112028-leipomotstmruotsi2504.pdf\" target=\"_blank\" rel=\"noreferrer noopener\">&gt;&gt; Kollektivavtal f\u00f6r bageriarbetstagare 14.4.2025\u201331.1.2028 (PDF)<\/a><br><br><a href=\"https:\/\/www.selry.fi\/wp-content\/uploads\/2025\/10\/kollektivavtal-for-kottbranschen-14420253112028-liha-alastmruotsi2504.pdf\" target=\"_blank\" rel=\"noreferrer noopener\">&gt;&gt; Kollektivavtal f\u00f6r k\u00f6ttbranschen 14.4.2025\u201331.1.2028 (PDF)<\/a><br><br><a href=\"https:\/\/www.selry.fi\/wp-content\/uploads\/2025\/10\/kollektivavtal-for-mejeriarbetstagare-14420253112028-meijerttstmruotsi2504.pdf\" target=\"_blank\" rel=\"noreferrer noopener\">&gt;&gt; Kollektivavtal f\u00f6r mejeriarbetstagare 14.4.2025\u201331.1.2028 (PDF)<\/a><br><br><a href=\"https:\/\/www.selry.fi\/wp-content\/uploads\/2025\/10\/kollektivavtal-for-livsmedelsbranschen-14420253112028-elintarvstmruotsi2504.pdf\" target=\"_blank\" rel=\"noreferrer noopener\">&gt;&gt; Kollektivavtal f\u00f6r livsmedelsbranschen 14.4.2025\u201331.1.2028 (PDF)<\/a><br><br><a href=\"https:\/\/www.selry.fi\/wp-content\/uploads\/2025\/10\/kollektivavtal-for-bryggerier-och-laskedrycksfabriker-14420253112028-panvirvstmruotsi2504.pdf\" target=\"_blank\" rel=\"noreferrer noopener\">&gt;&gt; Kollektivavtal f\u00f6r bryggerier och l\u00e4skedrycksfabriker 14.4.2025\u201331.1.2028 (PDF)<\/a><\/p>\n\n\n\n<p><br><strong>Vet du vilka r\u00e4ttigheter du har i arbetslivet?<\/strong><\/p>\n\n\n\n<p><a href=\"https:\/\/tyoelamanpelisaannot.fi\/se\/\" target=\"_blank\" rel=\"noreferrer noopener\">&gt;&gt; Arbetslivets ABC guiden p\u00e5 26 spr\u00e5k<\/a><\/p>\n\n\n\n<p><a href=\"https:\/\/tyosuojelu.fi\/sv\/om-oss\/publikationer\/guider\/utlandsk-arbetstagare-i-finland\" target=\"_blank\" rel=\"noreferrer noopener\">&gt;&gt; Utl\u00e4ndsk arbetstagare i Finland guiden p\u00e5 18 spr\u00e5k<\/a><\/p>\n\n\n\n<p><a href=\"https:\/\/www.selry.fi\/palkkalaskelma\/\">&gt;&gt; Kontrollera att din l\u00f6n har betalats korrekt<\/a><\/p>\n\n\n\n<p><br><em>Om du har fr\u00e5gor om din l\u00f6n eller n\u00e5got annat som g\u00e4ller din anst\u00e4llning, kan SEL:s f\u00f6rtroendeman p\u00e5 din arbetsplats hj\u00e4lpa dig. F\u00f6rtroendemannen k\u00e4nner b\u00e4st till de lokala avtal som har ing\u00e5tts p\u00e5 din arbetsplats och som p\u00e5verkar dina anst\u00e4llningsvillkor. Om det inte \u00e4nnu finns n\u00e5gon f\u00f6rtroendeman som representerar SEL p\u00e5 din arbetsplats, om ni inte lyckas l\u00f6sa en fr\u00e5ga p\u00e5 arbetsplatsen eller om du inte \u00e4r anst\u00e4lld just nu, kan du ringa SEL:s telefonnummer 09 4246 1200.<\/em><\/p>\n","protected":false},"excerpt":{"rendered":"<p>Tack vare de kollektivavtal som SEL har f\u00f6rhandlat fram har du b\u00e4ttre anst\u00e4llningsvillkor \u00e4n vad som best\u00e4ms i lagen. P\u00e5 [\u2026] <a href=\"https:\/\/www.selry.fi\/sv\/kollektivavtalen\/\">Lue lis\u00e4\u00e4 &raquo;<\/a><\/p>\n","protected":false},"author":1,"featured_media":20716,"parent":0,"menu_order":0,"comment_status":"closed","ping_status":"closed","template":"","meta":{"_acf_changed":false,"footnotes":""},"class_list":["post-3609","page","type-page","status-publish","has-post-thumbnail","hentry"],"acf":[],"yoast_head":"<!-- This site is optimized with the Yoast SEO plugin v27.2 - https:\/\/yoast.com\/product\/yoast-seo-wordpress\/ -->\n<title>Kollektivavtalen<\/title>\n<meta name=\"robots\" content=\"index, follow, max-snippet:-1, max-image-preview:large, max-video-preview:-1\" \/>\n<link rel=\"canonical\" href=\"https:\/\/www.selry.fi\/sv\/kollektivavtalen\/\" \/>\n<meta property=\"og:locale\" content=\"sv_SE\" \/>\n<meta property=\"og:type\" content=\"article\" \/>\n<meta property=\"og:title\" content=\"Kollektivavtalen\" \/>\n<meta property=\"og:description\" content=\"Tack vare de kollektivavtal som SEL har f\u00f6rhandlat fram har du b\u00e4ttre anst\u00e4llningsvillkor \u00e4n vad som best\u00e4ms i lagen. P\u00e5 [\u2026] Lue lis\u00e4\u00e4 &raquo;\" \/>\n<meta property=\"og:url\" content=\"https:\/\/www.selry.fi\/sv\/kollektivavtalen\/\" \/>\n<meta property=\"og:site_name\" content=\"Suomen Elintarvikety\u00f6l\u00e4isten Liitto SEL\" \/>\n<meta property=\"article:publisher\" content=\"https:\/\/www.facebook.com\/selry\" \/>\n<meta property=\"article:modified_time\" content=\"2026-02-18T19:51:00+00:00\" \/>\n<meta property=\"og:image\" content=\"https:\/\/www.selry.fi\/wp-content\/uploads\/2025\/06\/andreas-will-hnri9067.jpg\" \/>\n\t<meta property=\"og:image:width\" content=\"1920\" \/>\n\t<meta property=\"og:image:height\" content=\"1281\" \/>\n\t<meta property=\"og:image:type\" content=\"image\/jpeg\" \/>\n<meta name=\"twitter:card\" content=\"summary_large_image\" \/>\n<meta name=\"twitter:site\" content=\"@selryfi\" \/>\n<script type=\"application\/ld+json\" class=\"yoast-schema-graph\">{\"@context\":\"https:\/\/schema.org\",\"@graph\":[{\"@type\":\"WebPage\",\"@id\":\"https:\/\/www.selry.fi\/sv\/kollektivavtalen\/\",\"url\":\"https:\/\/www.selry.fi\/sv\/kollektivavtalen\/\",\"name\":\"Kollektivavtalen\",\"isPartOf\":{\"@id\":\"https:\/\/www.selry.fi\/#website\"},\"primaryImageOfPage\":{\"@id\":\"https:\/\/www.selry.fi\/sv\/kollektivavtalen\/#primaryimage\"},\"image\":{\"@id\":\"https:\/\/www.selry.fi\/sv\/kollektivavtalen\/#primaryimage\"},\"thumbnailUrl\":\"https:\/\/www.selry.fi\/wp-content\/uploads\/2025\/06\/andreas-will-hnri9067.jpg\",\"datePublished\":\"2021-05-28T06:37:44+00:00\",\"dateModified\":\"2026-02-18T19:51:00+00:00\",\"breadcrumb\":{\"@id\":\"https:\/\/www.selry.fi\/sv\/kollektivavtalen\/#breadcrumb\"},\"inLanguage\":\"sv-SE\",\"potentialAction\":[{\"@type\":\"ReadAction\",\"target\":[\"https:\/\/www.selry.fi\/sv\/kollektivavtalen\/\"]}]},{\"@type\":\"ImageObject\",\"inLanguage\":\"sv-SE\",\"@id\":\"https:\/\/www.selry.fi\/sv\/kollektivavtalen\/#primaryimage\",\"url\":\"https:\/\/www.selry.fi\/wp-content\/uploads\/2025\/06\/andreas-will-hnri9067.jpg\",\"contentUrl\":\"https:\/\/www.selry.fi\/wp-content\/uploads\/2025\/06\/andreas-will-hnri9067.jpg\",\"width\":1920,\"height\":1281},{\"@type\":\"BreadcrumbList\",\"@id\":\"https:\/\/www.selry.fi\/sv\/kollektivavtalen\/#breadcrumb\",\"itemListElement\":[{\"@type\":\"ListItem\",\"position\":1,\"name\":\"Home\",\"item\":\"https:\/\/www.selry.fi\/sv\/\"},{\"@type\":\"ListItem\",\"position\":2,\"name\":\"Kollektivavtalen\"}]},{\"@type\":\"WebSite\",\"@id\":\"https:\/\/www.selry.fi\/#website\",\"url\":\"https:\/\/www.selry.fi\/\",\"name\":\"Suomen Elintarvikety\u00f6l\u00e4isten Liitto SEL\",\"description\":\"\",\"publisher\":{\"@id\":\"https:\/\/www.selry.fi\/#organization\"},\"inLanguage\":\"sv-SE\"},{\"@type\":\"Organization\",\"@id\":\"https:\/\/www.selry.fi\/#organization\",\"name\":\"Suomen Elintarvikety\u00f6l\u00e4isten Liitto SEL\",\"url\":\"https:\/\/www.selry.fi\/\",\"logo\":{\"@type\":\"ImageObject\",\"inLanguage\":\"sv-SE\",\"@id\":\"https:\/\/www.selry.fi\/#\/schema\/logo\/image\/\",\"url\":\"https:\/\/www.selry.fi\/wp-content\/uploads\/2021\/05\/logo-sel.svg\",\"contentUrl\":\"https:\/\/www.selry.fi\/wp-content\/uploads\/2021\/05\/logo-sel.svg\",\"width\":453,\"height\":135,\"caption\":\"Suomen Elintarvikety\u00f6l\u00e4isten Liitto SEL\"},\"image\":{\"@id\":\"https:\/\/www.selry.fi\/#\/schema\/logo\/image\/\"},\"sameAs\":[\"https:\/\/www.facebook.com\/selry\",\"https:\/\/x.com\/selryfi\"]}]}<\/script>\n<!-- \/ Yoast SEO plugin. -->","yoast_head_json":{"title":"Kollektivavtalen","robots":{"index":"index","follow":"follow","max-snippet":"max-snippet:-1","max-image-preview":"max-image-preview:large","max-video-preview":"max-video-preview:-1"},"canonical":"https:\/\/www.selry.fi\/sv\/kollektivavtalen\/","og_locale":"sv_SE","og_type":"article","og_title":"Kollektivavtalen","og_description":"Tack vare de kollektivavtal som SEL har f\u00f6rhandlat fram har du b\u00e4ttre anst\u00e4llningsvillkor \u00e4n vad som best\u00e4ms i lagen. P\u00e5 [\u2026] Lue lis\u00e4\u00e4 &raquo;","og_url":"https:\/\/www.selry.fi\/sv\/kollektivavtalen\/","og_site_name":"Suomen Elintarvikety\u00f6l\u00e4isten Liitto SEL","article_publisher":"https:\/\/www.facebook.com\/selry","article_modified_time":"2026-02-18T19:51:00+00:00","og_image":[{"width":1920,"height":1281,"url":"https:\/\/www.selry.fi\/wp-content\/uploads\/2025\/06\/andreas-will-hnri9067.jpg","type":"image\/jpeg"}],"twitter_card":"summary_large_image","twitter_site":"@selryfi","schema":{"@context":"https:\/\/schema.org","@graph":[{"@type":"WebPage","@id":"https:\/\/www.selry.fi\/sv\/kollektivavtalen\/","url":"https:\/\/www.selry.fi\/sv\/kollektivavtalen\/","name":"Kollektivavtalen","isPartOf":{"@id":"https:\/\/www.selry.fi\/#website"},"primaryImageOfPage":{"@id":"https:\/\/www.selry.fi\/sv\/kollektivavtalen\/#primaryimage"},"image":{"@id":"https:\/\/www.selry.fi\/sv\/kollektivavtalen\/#primaryimage"},"thumbnailUrl":"https:\/\/www.selry.fi\/wp-content\/uploads\/2025\/06\/andreas-will-hnri9067.jpg","datePublished":"2021-05-28T06:37:44+00:00","dateModified":"2026-02-18T19:51:00+00:00","breadcrumb":{"@id":"https:\/\/www.selry.fi\/sv\/kollektivavtalen\/#breadcrumb"},"inLanguage":"sv-SE","potentialAction":[{"@type":"ReadAction","target":["https:\/\/www.selry.fi\/sv\/kollektivavtalen\/"]}]},{"@type":"ImageObject","inLanguage":"sv-SE","@id":"https:\/\/www.selry.fi\/sv\/kollektivavtalen\/#primaryimage","url":"https:\/\/www.selry.fi\/wp-content\/uploads\/2025\/06\/andreas-will-hnri9067.jpg","contentUrl":"https:\/\/www.selry.fi\/wp-content\/uploads\/2025\/06\/andreas-will-hnri9067.jpg","width":1920,"height":1281},{"@type":"BreadcrumbList","@id":"https:\/\/www.selry.fi\/sv\/kollektivavtalen\/#breadcrumb","itemListElement":[{"@type":"ListItem","position":1,"name":"Home","item":"https:\/\/www.selry.fi\/sv\/"},{"@type":"ListItem","position":2,"name":"Kollektivavtalen"}]},{"@type":"WebSite","@id":"https:\/\/www.selry.fi\/#website","url":"https:\/\/www.selry.fi\/","name":"Suomen Elintarvikety\u00f6l\u00e4isten Liitto SEL","description":"","publisher":{"@id":"https:\/\/www.selry.fi\/#organization"},"inLanguage":"sv-SE"},{"@type":"Organization","@id":"https:\/\/www.selry.fi\/#organization","name":"Suomen Elintarvikety\u00f6l\u00e4isten Liitto SEL","url":"https:\/\/www.selry.fi\/","logo":{"@type":"ImageObject","inLanguage":"sv-SE","@id":"https:\/\/www.selry.fi\/#\/schema\/logo\/image\/","url":"https:\/\/www.selry.fi\/wp-content\/uploads\/2021\/05\/logo-sel.svg","contentUrl":"https:\/\/www.selry.fi\/wp-content\/uploads\/2021\/05\/logo-sel.svg","width":453,"height":135,"caption":"Suomen Elintarvikety\u00f6l\u00e4isten Liitto SEL"},"image":{"@id":"https:\/\/www.selry.fi\/#\/schema\/logo\/image\/"},"sameAs":["https:\/\/www.facebook.com\/selry","https:\/\/x.com\/selryfi"]}]}},"_links":{"self":[{"href":"https:\/\/www.selry.fi\/sv\/wp-json\/wp\/v2\/pages\/3609","targetHints":{"allow":["GET"]}}],"collection":[{"href":"https:\/\/www.selry.fi\/sv\/wp-json\/wp\/v2\/pages"}],"about":[{"href":"https:\/\/www.selry.fi\/sv\/wp-json\/wp\/v2\/types\/page"}],"author":[{"embeddable":true,"href":"https:\/\/www.selry.fi\/sv\/wp-json\/wp\/v2\/users\/1"}],"replies":[{"embeddable":true,"href":"https:\/\/www.selry.fi\/sv\/wp-json\/wp\/v2\/comments?post=3609"}],"version-history":[{"count":0,"href":"https:\/\/www.selry.fi\/sv\/wp-json\/wp\/v2\/pages\/3609\/revisions"}],"wp:featuredmedia":[{"embeddable":true,"href":"https:\/\/www.selry.fi\/sv\/wp-json\/wp\/v2\/media\/20716"}],"wp:attachment":[{"href":"https:\/\/www.selry.fi\/sv\/wp-json\/wp\/v2\/media?parent=3609"}],"curies":[{"name":"wp","href":"https:\/\/api.w.org\/{rel}","templated":true}]}}