{"id":3607,"date":"2021-05-28T12:15:13","date_gmt":"2021-05-28T09:15:13","guid":{"rendered":"https:\/\/www.selry.fi\/?page_id=3607"},"modified":"2026-03-03T18:40:18","modified_gmt":"2026-03-03T16:40:18","slug":"det-har-ar-sel","status":"publish","type":"page","link":"https:\/\/www.selry.fi\/sv\/det-har-ar-sel\/","title":{"rendered":"Det h\u00e4r \u00e4r SEL"},"content":{"rendered":"\n<p>Finlands Livsmedelsarbetaref\u00f6rbund SEL \u00e4r fackf\u00f6rbundet f\u00f6r arbetare inom livsmedelsindustrin. SEL f\u00f6rhandlar l\u00f6nevillkor och andra arbetsvillkor f\u00f6r sina medlemmar, utbildar medlemmar i intressebevakning samt erbjuder sina medlemmar fritidsaktiviteter. Om du arbetar inom livsmedelsindustrin eller studerar f\u00f6r branschen, \u00e4r SEL ocks\u00e5 ditt fackf\u00f6rbund.<\/p>\n\n\n\n<p>Cirka 64 procent av livsmedelsbranschens arbetare h\u00f6r till SEL. F\u00f6rbundet f\u00f6rhandlar och ing\u00e5r <a href=\"https:\/\/www.selry.fi\/sv\/kollektivavtalen\/\">kollektivavtal<\/a> f\u00f6r bageri-, k\u00f6ttf\u00f6r\u00e4dlings-, mejeri- och industribranscherna samt f\u00f6r l\u00e4skedryck- och bryggeribranschen.<br><br>SEL har cirka 27 000 medlemmar, av vilka cirka 17 000 \u00e4r med i arbetslivet. Du blir medlem i f\u00f6rbundet via <a href=\"https:\/\/www.selry.fi\/ammattiosastot\/\">en fackavdelning<\/a>. Till SEL h\u00f6r 59 fackavdelningar, som \u00e4r registrerade f\u00f6reningar. Fackavdelning arrangerar lokala aktiviteter och utbildning.<\/p>\n\n\n\n<p>F\u00f6rbundet f\u00f6rhandlar fram kollektivavtalen f\u00f6r sina medlemmar. Medlemmarna erh\u00e5ller anst\u00e4llnings- och l\u00f6ner\u00e5dgivning fr\u00e5n f\u00f6rbundets <a href=\"https:\/\/www.selry.fi\/sv\/kontakt\/\">distriktkontor eller centralbyr\u00e5n<\/a>. F\u00f6rtroendem\u00e4nnen och arbetarskyddsfullm\u00e4ktige st\u00f6der medlemmarna p\u00e5 arbetsplatsen och medlemmarna har m\u00f6jlighet att f\u00e5 r\u00e4ttshj\u00e4lp och juristtj\u00e4nster fr\u00e5n SEL.<br><br><a href=\"https:\/\/www.selry.fi\/jasenedut\/\">>> SEL:s medlemsf\u00f6rm\u00e5ner (p\u00e5 finska)<\/a><br><br><a href=\"https:\/\/www.selry.fi\/sv\/nyheter\/har-du-laddat-ner-sels-medlemsapp-till-din-telefon\/\">>> Ladda ner SEL:s medlemsappen och mobilmedlemskortet till din smarttelefon<\/a><br><br>SEL:s medlemsavgift \u00e4r 1,4 % av din bruttol\u00f6n och inkluderar \u00e4ven medlemsavgiften till <a href=\"https:\/\/www.selry.fi\/sv\/arbetsloshetskassa\/\">arbetsl\u00f6shetskassan<\/a>.<\/p>\n\n\n\n<p><br><a href=\"https:\/\/www.selry.fi\/sv\/nyheter\/10-skal-att-tillhora-facket\/\">&gt;&gt; 10 sk\u00e4l att tillh\u00f6ra facket<\/a><br><br><a href=\"https:\/\/www.youtube.com\/watch?v=7DrDB3N1RsA\" target=\"_blank\" rel=\"noreferrer noopener\">&gt;&gt; Se videon: Jobbar du inom livsmedelsbranschen? Din fackf\u00f6rening \u00e4r SEL!<\/a><\/p>\n\n\n\n<p><a href=\"https:\/\/www.selry.fi\/sv\/nyheter\/skaffa-en-ny-medlem-du-far-ett-20-e-presentkort\/\">&gt;&gt; Skaffa en ny medlem, du f\u00e5r ett 20 \u20ac presentkort!<\/a><\/p>\n\n\n\n<p><a href=\"https:\/\/www.selry.fi\/palkkalaskelma\/\">&gt;&gt; Kontrollera att din l\u00f6n har betalats korrekt<\/a><\/p>\n","protected":false},"excerpt":{"rendered":"<p>Finlands Livsmedelsarbetaref\u00f6rbund SEL \u00e4r fackf\u00f6rbundet f\u00f6r arbetare inom livsmedelsindustrin. SEL f\u00f6rhandlar l\u00f6nevillkor och andra arbetsvillkor f\u00f6r sina medlemmar, utbildar medlemmar [\u2026] <a href=\"https:\/\/www.selry.fi\/sv\/det-har-ar-sel\/\">Lue lis\u00e4\u00e4 &raquo;<\/a><\/p>\n","protected":false},"author":1,"featured_media":0,"parent":0,"menu_order":0,"comment_status":"closed","ping_status":"closed","template":"","meta":{"_acf_changed":false,"footnotes":""},"class_list":["post-3607","page","type-page","status-publish","hentry"],"acf":[],"yoast_head":"<!-- This site is optimized with the Yoast SEO plugin v27.2 - https:\/\/yoast.com\/product\/yoast-seo-wordpress\/ -->\n<title>Det h\u00e4r \u00e4r SEL<\/title>\n<meta name=\"robots\" content=\"index, follow, max-snippet:-1, max-image-preview:large, max-video-preview:-1\" \/>\n<link rel=\"canonical\" href=\"https:\/\/www.selry.fi\/sv\/det-har-ar-sel\/\" \/>\n<meta property=\"og:locale\" content=\"sv_SE\" \/>\n<meta property=\"og:type\" content=\"article\" \/>\n<meta property=\"og:title\" content=\"Det h\u00e4r \u00e4r SEL\" \/>\n<meta property=\"og:description\" content=\"Finlands Livsmedelsarbetaref\u00f6rbund SEL \u00e4r fackf\u00f6rbundet f\u00f6r arbetare inom livsmedelsindustrin. SEL f\u00f6rhandlar l\u00f6nevillkor och andra arbetsvillkor f\u00f6r sina medlemmar, utbildar medlemmar [\u2026] Lue lis\u00e4\u00e4 &raquo;\" \/>\n<meta property=\"og:url\" content=\"https:\/\/www.selry.fi\/sv\/det-har-ar-sel\/\" \/>\n<meta property=\"og:site_name\" content=\"Suomen Elintarvikety\u00f6l\u00e4isten Liitto SEL\" \/>\n<meta property=\"article:publisher\" content=\"https:\/\/www.facebook.com\/selry\" \/>\n<meta property=\"article:modified_time\" content=\"2026-03-03T16:40:18+00:00\" \/>\n<meta property=\"og:image\" content=\"https:\/\/www.selry.fi\/wp-content\/uploads\/2021\/05\/sel-placeholder-image.jpg\" \/>\n\t<meta property=\"og:image:width\" content=\"1920\" \/>\n\t<meta property=\"og:image:height\" content=\"1080\" \/>\n\t<meta property=\"og:image:type\" content=\"image\/jpeg\" \/>\n<meta name=\"twitter:card\" content=\"summary_large_image\" \/>\n<meta name=\"twitter:site\" content=\"@selryfi\" \/>\n<script type=\"application\/ld+json\" class=\"yoast-schema-graph\">{\"@context\":\"https:\/\/schema.org\",\"@graph\":[{\"@type\":\"WebPage\",\"@id\":\"https:\/\/www.selry.fi\/sv\/det-har-ar-sel\/\",\"url\":\"https:\/\/www.selry.fi\/sv\/det-har-ar-sel\/\",\"name\":\"Det h\u00e4r \u00e4r SEL\",\"isPartOf\":{\"@id\":\"https:\/\/www.selry.fi\/#website\"},\"datePublished\":\"2021-05-28T09:15:13+00:00\",\"dateModified\":\"2026-03-03T16:40:18+00:00\",\"breadcrumb\":{\"@id\":\"https:\/\/www.selry.fi\/sv\/det-har-ar-sel\/#breadcrumb\"},\"inLanguage\":\"sv-SE\",\"potentialAction\":[{\"@type\":\"ReadAction\",\"target\":[\"https:\/\/www.selry.fi\/sv\/det-har-ar-sel\/\"]}]},{\"@type\":\"BreadcrumbList\",\"@id\":\"https:\/\/www.selry.fi\/sv\/det-har-ar-sel\/#breadcrumb\",\"itemListElement\":[{\"@type\":\"ListItem\",\"position\":1,\"name\":\"Home\",\"item\":\"https:\/\/www.selry.fi\/sv\/\"},{\"@type\":\"ListItem\",\"position\":2,\"name\":\"Det h\u00e4r \u00e4r SEL\"}]},{\"@type\":\"WebSite\",\"@id\":\"https:\/\/www.selry.fi\/#website\",\"url\":\"https:\/\/www.selry.fi\/\",\"name\":\"Suomen Elintarvikety\u00f6l\u00e4isten Liitto SEL\",\"description\":\"\",\"publisher\":{\"@id\":\"https:\/\/www.selry.fi\/#organization\"},\"inLanguage\":\"sv-SE\"},{\"@type\":\"Organization\",\"@id\":\"https:\/\/www.selry.fi\/#organization\",\"name\":\"Suomen Elintarvikety\u00f6l\u00e4isten Liitto SEL\",\"url\":\"https:\/\/www.selry.fi\/\",\"logo\":{\"@type\":\"ImageObject\",\"inLanguage\":\"sv-SE\",\"@id\":\"https:\/\/www.selry.fi\/#\/schema\/logo\/image\/\",\"url\":\"https:\/\/www.selry.fi\/wp-content\/uploads\/2021\/05\/logo-sel.svg\",\"contentUrl\":\"https:\/\/www.selry.fi\/wp-content\/uploads\/2021\/05\/logo-sel.svg\",\"width\":453,\"height\":135,\"caption\":\"Suomen Elintarvikety\u00f6l\u00e4isten Liitto SEL\"},\"image\":{\"@id\":\"https:\/\/www.selry.fi\/#\/schema\/logo\/image\/\"},\"sameAs\":[\"https:\/\/www.facebook.com\/selry\",\"https:\/\/x.com\/selryfi\"]}]}<\/script>\n<!-- \/ Yoast SEO plugin. -->","yoast_head_json":{"title":"Det h\u00e4r \u00e4r SEL","robots":{"index":"index","follow":"follow","max-snippet":"max-snippet:-1","max-image-preview":"max-image-preview:large","max-video-preview":"max-video-preview:-1"},"canonical":"https:\/\/www.selry.fi\/sv\/det-har-ar-sel\/","og_locale":"sv_SE","og_type":"article","og_title":"Det h\u00e4r \u00e4r SEL","og_description":"Finlands Livsmedelsarbetaref\u00f6rbund SEL \u00e4r fackf\u00f6rbundet f\u00f6r arbetare inom livsmedelsindustrin. SEL f\u00f6rhandlar l\u00f6nevillkor och andra arbetsvillkor f\u00f6r sina medlemmar, utbildar medlemmar [\u2026] Lue lis\u00e4\u00e4 &raquo;","og_url":"https:\/\/www.selry.fi\/sv\/det-har-ar-sel\/","og_site_name":"Suomen Elintarvikety\u00f6l\u00e4isten Liitto SEL","article_publisher":"https:\/\/www.facebook.com\/selry","article_modified_time":"2026-03-03T16:40:18+00:00","og_image":[{"width":1920,"height":1080,"url":"https:\/\/www.selry.fi\/wp-content\/uploads\/2021\/05\/sel-placeholder-image.jpg","type":"image\/jpeg"}],"twitter_card":"summary_large_image","twitter_site":"@selryfi","schema":{"@context":"https:\/\/schema.org","@graph":[{"@type":"WebPage","@id":"https:\/\/www.selry.fi\/sv\/det-har-ar-sel\/","url":"https:\/\/www.selry.fi\/sv\/det-har-ar-sel\/","name":"Det h\u00e4r \u00e4r SEL","isPartOf":{"@id":"https:\/\/www.selry.fi\/#website"},"datePublished":"2021-05-28T09:15:13+00:00","dateModified":"2026-03-03T16:40:18+00:00","breadcrumb":{"@id":"https:\/\/www.selry.fi\/sv\/det-har-ar-sel\/#breadcrumb"},"inLanguage":"sv-SE","potentialAction":[{"@type":"ReadAction","target":["https:\/\/www.selry.fi\/sv\/det-har-ar-sel\/"]}]},{"@type":"BreadcrumbList","@id":"https:\/\/www.selry.fi\/sv\/det-har-ar-sel\/#breadcrumb","itemListElement":[{"@type":"ListItem","position":1,"name":"Home","item":"https:\/\/www.selry.fi\/sv\/"},{"@type":"ListItem","position":2,"name":"Det h\u00e4r \u00e4r SEL"}]},{"@type":"WebSite","@id":"https:\/\/www.selry.fi\/#website","url":"https:\/\/www.selry.fi\/","name":"Suomen Elintarvikety\u00f6l\u00e4isten Liitto SEL","description":"","publisher":{"@id":"https:\/\/www.selry.fi\/#organization"},"inLanguage":"sv-SE"},{"@type":"Organization","@id":"https:\/\/www.selry.fi\/#organization","name":"Suomen Elintarvikety\u00f6l\u00e4isten Liitto SEL","url":"https:\/\/www.selry.fi\/","logo":{"@type":"ImageObject","inLanguage":"sv-SE","@id":"https:\/\/www.selry.fi\/#\/schema\/logo\/image\/","url":"https:\/\/www.selry.fi\/wp-content\/uploads\/2021\/05\/logo-sel.svg","contentUrl":"https:\/\/www.selry.fi\/wp-content\/uploads\/2021\/05\/logo-sel.svg","width":453,"height":135,"caption":"Suomen Elintarvikety\u00f6l\u00e4isten Liitto SEL"},"image":{"@id":"https:\/\/www.selry.fi\/#\/schema\/logo\/image\/"},"sameAs":["https:\/\/www.facebook.com\/selry","https:\/\/x.com\/selryfi"]}]}},"_links":{"self":[{"href":"https:\/\/www.selry.fi\/sv\/wp-json\/wp\/v2\/pages\/3607","targetHints":{"allow":["GET"]}}],"collection":[{"href":"https:\/\/www.selry.fi\/sv\/wp-json\/wp\/v2\/pages"}],"about":[{"href":"https:\/\/www.selry.fi\/sv\/wp-json\/wp\/v2\/types\/page"}],"author":[{"embeddable":true,"href":"https:\/\/www.selry.fi\/sv\/wp-json\/wp\/v2\/users\/1"}],"replies":[{"embeddable":true,"href":"https:\/\/www.selry.fi\/sv\/wp-json\/wp\/v2\/comments?post=3607"}],"version-history":[{"count":0,"href":"https:\/\/www.selry.fi\/sv\/wp-json\/wp\/v2\/pages\/3607\/revisions"}],"wp:attachment":[{"href":"https:\/\/www.selry.fi\/sv\/wp-json\/wp\/v2\/media?parent=3607"}],"curies":[{"name":"wp","href":"https:\/\/api.w.org\/{rel}","templated":true}]}}