{"id":2009,"date":"2019-10-25T10:29:58","date_gmt":"2019-10-25T07:29:58","guid":{"rendered":"https:\/\/www.selry.fi\/?page_id=2009"},"modified":"2022-04-29T11:31:08","modified_gmt":"2022-04-29T08:31:08","slug":"framsida","status":"publish","type":"page","link":"https:\/\/www.selry.fi\/sv\/","title":{"rendered":"Framsida"},"content":{"rendered":"\n\t<section id=\"news\">\n\n\t\t<h2 class=\"weight-900 text-center append-bottom\">Nyheter<\/h2>\n\t\t<div class=\"row\">\n\n\t\t\t\t\t\t\t\n<div class=\"col col-6 col-md-4 append-bottom\">\n\n\t<article id=\"post-23293\" class=\"group news-item post-23293 post type-post status-publish format-standard has-post-thumbnail hentry category-blogg\">\n\n\t\t<a href=\"https:\/\/www.selry.fi\/sv\/blogg\/det-finns-inte-alltid-jobb-for-den-som-ar-flitig\/\" title=\"Det finns inte alltid jobb f\u00f6r den som \u00e4r flitig\">\n\t\t\t<div class=\"ImgWrap\">\n\t\t\t\t\t\t\t\t\t<img decoding=\"async\" width=\"1536\" height=\"1081\" src=\"https:\/\/www.selry.fi\/wp-content\/uploads\/2023\/02\/karoliina-oystila-blogi.jpg\" class=\"attachment-full size-full wp-post-image\" alt=\"\" srcset=\"https:\/\/www.selry.fi\/wp-content\/uploads\/2023\/02\/karoliina-oystila-blogi.jpg 1536w, https:\/\/www.selry.fi\/wp-content\/uploads\/2023\/02\/karoliina-oystila-blogi-350x246.jpg 350w, https:\/\/www.selry.fi\/wp-content\/uploads\/2023\/02\/karoliina-oystila-blogi-1280x901.jpg 1280w, https:\/\/www.selry.fi\/wp-content\/uploads\/2023\/02\/karoliina-oystila-blogi-768x541.jpg 768w, https:\/\/www.selry.fi\/wp-content\/uploads\/2023\/02\/karoliina-oystila-blogi-500x352.jpg 500w, https:\/\/www.selry.fi\/wp-content\/uploads\/2023\/02\/karoliina-oystila-blogi-830x584.jpg 830w\" sizes=\"(max-width: 1536px) 100vw, 1536px\" \/>\t\t\t\t\t\t\t<\/div>\n\n\t\t\t<header class=\"entry-header\">\n\n\t\t\t\t<div class=\"entry-meta weight-500 size-tiny\">\n\t\t\t\t\t\n\t\t\t\t\t<span class=\"posted-on\"><time class=\"entry-date\" datetime=\"2026-04-21T07:00:00+03:00\">21.4.2026<\/time><\/span> | <span class=\"cat-links text-uppercase\">Blogg<\/span>\n\t\t\t\t\t\n\t\t\t\t<\/div>\n\t\t\t\t\n\t\t\t\t<h3 class=\"font-utopia\">\n\t\t\t\t\tDet finns inte alltid jobb f\u00f6r den som \u00e4r flitig\t\t\t\t<\/h3>\n\t\t\t\t\n\t\t\t<\/header>\n\n\t\t<\/a>\n\n\t<\/article>\n\n<\/div>\t\t\t\t\t\t\t\n<div class=\"col col-6 col-md-4 append-bottom\">\n\n\t<article id=\"post-23239\" class=\"group news-item post-23239 post type-post status-publish format-standard has-post-thumbnail hentry category-blogg\">\n\n\t\t<a href=\"https:\/\/www.selry.fi\/sv\/blogg\/momsen-pa-mat-maste-sankas-rejalt\/\" title=\"Momsen p\u00e5 mat m\u00e5ste s\u00e4nkas rej\u00e4lt\">\n\t\t\t<div class=\"ImgWrap\">\n\t\t\t\t\t\t\t\t\t<img decoding=\"async\" width=\"1536\" height=\"1148\" src=\"https:\/\/www.selry.fi\/wp-content\/uploads\/2023\/02\/veli-matti-kuntonen-blogi.jpg\" class=\"attachment-full size-full wp-post-image\" alt=\"\" srcset=\"https:\/\/www.selry.fi\/wp-content\/uploads\/2023\/02\/veli-matti-kuntonen-blogi.jpg 1536w, https:\/\/www.selry.fi\/wp-content\/uploads\/2023\/02\/veli-matti-kuntonen-blogi-350x262.jpg 350w, https:\/\/www.selry.fi\/wp-content\/uploads\/2023\/02\/veli-matti-kuntonen-blogi-1280x957.jpg 1280w, https:\/\/www.selry.fi\/wp-content\/uploads\/2023\/02\/veli-matti-kuntonen-blogi-768x574.jpg 768w, https:\/\/www.selry.fi\/wp-content\/uploads\/2023\/02\/veli-matti-kuntonen-blogi-500x374.jpg 500w, https:\/\/www.selry.fi\/wp-content\/uploads\/2023\/02\/veli-matti-kuntonen-blogi-830x620.jpg 830w\" sizes=\"(max-width: 1536px) 100vw, 1536px\" \/>\t\t\t\t\t\t\t<\/div>\n\n\t\t\t<header class=\"entry-header\">\n\n\t\t\t\t<div class=\"entry-meta weight-500 size-tiny\">\n\t\t\t\t\t\n\t\t\t\t\t<span class=\"posted-on\"><time class=\"entry-date\" datetime=\"2026-04-15T20:28:48+03:00\">15.4.2026<\/time><\/span> | <span class=\"cat-links text-uppercase\">Blogg<\/span>\n\t\t\t\t\t\n\t\t\t\t<\/div>\n\t\t\t\t\n\t\t\t\t<h3 class=\"font-utopia\">\n\t\t\t\t\tMomsen p\u00e5 mat m\u00e5ste s\u00e4nkas rej\u00e4lt\t\t\t\t<\/h3>\n\t\t\t\t\n\t\t\t<\/header>\n\n\t\t<\/a>\n\n\t<\/article>\n\n<\/div>\t\t\t\t\t\t\t\n<div class=\"col col-6 col-md-4 append-bottom\">\n\n\t<article id=\"post-22877\" class=\"group news-item post-22877 post type-post status-publish format-standard has-post-thumbnail hentry category-nyheter\">\n\n\t\t<a href=\"https:\/\/www.selry.fi\/sv\/nyheter\/industrifacket-pam-och-sel-kraver-rattvisa-bar\/\" title=\"Industrifacket, PAM och SEL kr\u00e4ver r\u00e4ttvisa b\u00e4r\">\n\t\t\t<div class=\"ImgWrap\">\n\t\t\t\t\t\t\t\t\t<img decoding=\"async\" width=\"1920\" height=\"1395\" src=\"https:\/\/www.selry.fi\/wp-content\/uploads\/2026\/03\/mustikka-img-1100-c-cropped-kuva-anneli-salo-wikimedia-commons.jpg\" class=\"attachment-full size-full wp-post-image\" alt=\"\" srcset=\"https:\/\/www.selry.fi\/wp-content\/uploads\/2026\/03\/mustikka-img-1100-c-cropped-kuva-anneli-salo-wikimedia-commons.jpg 1920w, https:\/\/www.selry.fi\/wp-content\/uploads\/2026\/03\/mustikka-img-1100-c-cropped-kuva-anneli-salo-wikimedia-commons-350x254.jpg 350w, https:\/\/www.selry.fi\/wp-content\/uploads\/2026\/03\/mustikka-img-1100-c-cropped-kuva-anneli-salo-wikimedia-commons-1280x930.jpg 1280w, https:\/\/www.selry.fi\/wp-content\/uploads\/2026\/03\/mustikka-img-1100-c-cropped-kuva-anneli-salo-wikimedia-commons-768x558.jpg 768w, https:\/\/www.selry.fi\/wp-content\/uploads\/2026\/03\/mustikka-img-1100-c-cropped-kuva-anneli-salo-wikimedia-commons-1536x1116.jpg 1536w, https:\/\/www.selry.fi\/wp-content\/uploads\/2026\/03\/mustikka-img-1100-c-cropped-kuva-anneli-salo-wikimedia-commons-500x363.jpg 500w, https:\/\/www.selry.fi\/wp-content\/uploads\/2026\/03\/mustikka-img-1100-c-cropped-kuva-anneli-salo-wikimedia-commons-830x603.jpg 830w\" sizes=\"(max-width: 1920px) 100vw, 1920px\" \/>\t\t\t\t\t\t\t<\/div>\n\n\t\t\t<header class=\"entry-header\">\n\n\t\t\t\t<div class=\"entry-meta weight-500 size-tiny\">\n\t\t\t\t\t\n\t\t\t\t\t<span class=\"posted-on\"><time class=\"entry-date\" datetime=\"2026-03-06T11:18:08+02:00\">6.3.2026<\/time><\/span> | <span class=\"cat-links text-uppercase\">Nyheter<\/span>\n\t\t\t\t\t\n\t\t\t\t<\/div>\n\t\t\t\t\n\t\t\t\t<h3 class=\"font-utopia\">\n\t\t\t\t\tIndustrifacket, PAM och SEL kr\u00e4ver r\u00e4ttvisa b\u00e4r\t\t\t\t<\/h3>\n\t\t\t\t\n\t\t\t<\/header>\n\n\t\t<\/a>\n\n\t<\/article>\n\n<\/div>\t\t\t\t\t\t\t\n<div class=\"col col-6 col-md-4 append-bottom\">\n\n\t<article id=\"post-22769\" class=\"group news-item post-22769 post type-post status-publish format-standard has-post-thumbnail hentry category-nyheter\">\n\n\t\t<a href=\"https:\/\/www.selry.fi\/sv\/nyheter\/vad-innebar-det-att-ratten-till-skatteavdrag-for-fackets-medlemsavgift-upphor\/\" title=\"Vad inneb\u00e4r det att r\u00e4tten till skatteavdrag f\u00f6r fackets medlemsavgift upph\u00f6r?\">\n\t\t\t<div class=\"ImgWrap\">\n\t\t\t\t\t\t\t\t\t<img decoding=\"async\" width=\"1920\" height=\"1280\" src=\"https:\/\/www.selry.fi\/wp-content\/uploads\/2023\/04\/sel-logo-takki-img-2116.jpg\" class=\"attachment-full size-full wp-post-image\" alt=\"\" srcset=\"https:\/\/www.selry.fi\/wp-content\/uploads\/2023\/04\/sel-logo-takki-img-2116.jpg 1920w, https:\/\/www.selry.fi\/wp-content\/uploads\/2023\/04\/sel-logo-takki-img-2116-350x233.jpg 350w, https:\/\/www.selry.fi\/wp-content\/uploads\/2023\/04\/sel-logo-takki-img-2116-1280x853.jpg 1280w, https:\/\/www.selry.fi\/wp-content\/uploads\/2023\/04\/sel-logo-takki-img-2116-768x512.jpg 768w, https:\/\/www.selry.fi\/wp-content\/uploads\/2023\/04\/sel-logo-takki-img-2116-1536x1024.jpg 1536w, https:\/\/www.selry.fi\/wp-content\/uploads\/2023\/04\/sel-logo-takki-img-2116-500x333.jpg 500w, https:\/\/www.selry.fi\/wp-content\/uploads\/2023\/04\/sel-logo-takki-img-2116-830x553.jpg 830w\" sizes=\"(max-width: 1920px) 100vw, 1920px\" \/>\t\t\t\t\t\t\t<\/div>\n\n\t\t\t<header class=\"entry-header\">\n\n\t\t\t\t<div class=\"entry-meta weight-500 size-tiny\">\n\t\t\t\t\t\n\t\t\t\t\t<span class=\"posted-on\"><time class=\"entry-date\" datetime=\"2026-02-23T07:00:00+02:00\">23.2.2026<\/time><\/span> | <span class=\"cat-links text-uppercase\">Nyheter<\/span>\n\t\t\t\t\t\n\t\t\t\t<\/div>\n\t\t\t\t\n\t\t\t\t<h3 class=\"font-utopia\">\n\t\t\t\t\tVad inneb\u00e4r det att r\u00e4tten till skatteavdrag f\u00f6r fackets medlemsavgift upph\u00f6r?\t\t\t\t<\/h3>\n\t\t\t\t\n\t\t\t<\/header>\n\n\t\t<\/a>\n\n\t<\/article>\n\n<\/div>\t\t\t\t\t\t\t\n<div class=\"col col-6 col-md-4 append-bottom\">\n\n\t<article id=\"post-22763\" class=\"group news-item post-22763 post type-post status-publish format-standard has-post-thumbnail hentry category-blogg\">\n\n\t\t<a href=\"https:\/\/www.selry.fi\/sv\/blogg\/arbetskamraterna-hjalper-dig-att-orka\/\" title=\"Arbetskamraterna hj\u00e4lper dig att orka\">\n\t\t\t<div class=\"ImgWrap\">\n\t\t\t\t\t\t\t\t\t<img decoding=\"async\" width=\"1536\" height=\"1081\" src=\"https:\/\/www.selry.fi\/wp-content\/uploads\/2023\/02\/karoliina-oystila-blogi.jpg\" class=\"attachment-full size-full wp-post-image\" alt=\"\" srcset=\"https:\/\/www.selry.fi\/wp-content\/uploads\/2023\/02\/karoliina-oystila-blogi.jpg 1536w, https:\/\/www.selry.fi\/wp-content\/uploads\/2023\/02\/karoliina-oystila-blogi-350x246.jpg 350w, https:\/\/www.selry.fi\/wp-content\/uploads\/2023\/02\/karoliina-oystila-blogi-1280x901.jpg 1280w, https:\/\/www.selry.fi\/wp-content\/uploads\/2023\/02\/karoliina-oystila-blogi-768x541.jpg 768w, https:\/\/www.selry.fi\/wp-content\/uploads\/2023\/02\/karoliina-oystila-blogi-500x352.jpg 500w, https:\/\/www.selry.fi\/wp-content\/uploads\/2023\/02\/karoliina-oystila-blogi-830x584.jpg 830w\" sizes=\"(max-width: 1536px) 100vw, 1536px\" \/>\t\t\t\t\t\t\t<\/div>\n\n\t\t\t<header class=\"entry-header\">\n\n\t\t\t\t<div class=\"entry-meta weight-500 size-tiny\">\n\t\t\t\t\t\n\t\t\t\t\t<span class=\"posted-on\"><time class=\"entry-date\" datetime=\"2026-02-20T07:00:00+02:00\">20.2.2026<\/time><\/span> | <span class=\"cat-links text-uppercase\">Blogg<\/span>\n\t\t\t\t\t\n\t\t\t\t<\/div>\n\t\t\t\t\n\t\t\t\t<h3 class=\"font-utopia\">\n\t\t\t\t\tArbetskamraterna hj\u00e4lper dig att orka\t\t\t\t<\/h3>\n\t\t\t\t\n\t\t\t<\/header>\n\n\t\t<\/a>\n\n\t<\/article>\n\n<\/div>\t\t\t\t\t\t\t\n<div class=\"col col-6 col-md-4 append-bottom\">\n\n\t<article id=\"post-22746\" class=\"group news-item post-22746 post type-post status-publish format-standard has-post-thumbnail hentry category-nyheter\">\n\n\t\t<a href=\"https:\/\/www.selry.fi\/sv\/nyheter\/rattvisa-spelregler-skyddar-finlandsk-mat-och-arbetstillfallen\/\" title=\"R\u00e4ttvisa spelregler skyddar finl\u00e4ndsk mat och arbetstillf\u00e4llen\">\n\t\t\t<div class=\"ImgWrap\">\n\t\t\t\t\t\t\t\t\t<img decoding=\"async\" width=\"1738\" height=\"1139\" src=\"https:\/\/www.selry.fi\/wp-content\/uploads\/2026\/02\/leipa-hylly-kauppa-elintarvike-kuva-kati-oksman-1.jpg\" class=\"attachment-full size-full wp-post-image\" alt=\"\" srcset=\"https:\/\/www.selry.fi\/wp-content\/uploads\/2026\/02\/leipa-hylly-kauppa-elintarvike-kuva-kati-oksman-1.jpg 1738w, https:\/\/www.selry.fi\/wp-content\/uploads\/2026\/02\/leipa-hylly-kauppa-elintarvike-kuva-kati-oksman-1-350x229.jpg 350w, https:\/\/www.selry.fi\/wp-content\/uploads\/2026\/02\/leipa-hylly-kauppa-elintarvike-kuva-kati-oksman-1-1280x839.jpg 1280w, https:\/\/www.selry.fi\/wp-content\/uploads\/2026\/02\/leipa-hylly-kauppa-elintarvike-kuva-kati-oksman-1-768x503.jpg 768w, https:\/\/www.selry.fi\/wp-content\/uploads\/2026\/02\/leipa-hylly-kauppa-elintarvike-kuva-kati-oksman-1-1536x1007.jpg 1536w, https:\/\/www.selry.fi\/wp-content\/uploads\/2026\/02\/leipa-hylly-kauppa-elintarvike-kuva-kati-oksman-1-500x328.jpg 500w, https:\/\/www.selry.fi\/wp-content\/uploads\/2026\/02\/leipa-hylly-kauppa-elintarvike-kuva-kati-oksman-1-830x544.jpg 830w\" sizes=\"(max-width: 1738px) 100vw, 1738px\" \/>\t\t\t\t\t\t\t<\/div>\n\n\t\t\t<header class=\"entry-header\">\n\n\t\t\t\t<div class=\"entry-meta weight-500 size-tiny\">\n\t\t\t\t\t\n\t\t\t\t\t<span class=\"posted-on\"><time class=\"entry-date\" datetime=\"2026-02-18T19:51:01+02:00\">18.2.2026<\/time><\/span> | <span class=\"cat-links text-uppercase\">Nyheter<\/span>\n\t\t\t\t\t\n\t\t\t\t<\/div>\n\t\t\t\t\n\t\t\t\t<h3 class=\"font-utopia\">\n\t\t\t\t\tR\u00e4ttvisa spelregler skyddar finl\u00e4ndsk mat och arbetstillf\u00e4llen\t\t\t\t<\/h3>\n\t\t\t\t\n\t\t\t<\/header>\n\n\t\t<\/a>\n\n\t<\/article>\n\n<\/div>\t\t\t\n\t\t<\/div>\n\t\t\n\t<\/section>\n\n\n\n\n<div id=\"med-button-block_609411928f8a8\" class=\"med-button aligncenter\">\n\t<a class=\"btn btn-primary\" href=\"https:\/\/www.selry.fi\/sv\/nyheter\/\">\n\t\tSe allt \u203a\t<\/a>\n<\/div>","protected":false},"excerpt":{"rendered":"","protected":false},"author":1,"featured_media":0,"parent":0,"menu_order":0,"comment_status":"closed","ping_status":"closed","template":"","meta":{"_acf_changed":false,"footnotes":""},"class_list":["post-2009","page","type-page","status-publish","hentry"],"acf":[],"yoast_head":"<!-- This site is optimized with the Yoast SEO plugin v27.2 - https:\/\/yoast.com\/product\/yoast-seo-wordpress\/ -->\n<title>Framsida<\/title>\n<meta name=\"robots\" content=\"index, follow, max-snippet:-1, max-image-preview:large, max-video-preview:-1\" \/>\n<link rel=\"canonical\" href=\"https:\/\/www.selry.fi\/sv\/\" \/>\n<meta property=\"og:locale\" content=\"sv_SE\" \/>\n<meta property=\"og:type\" content=\"article\" \/>\n<meta property=\"og:title\" content=\"Framsida\" \/>\n<meta property=\"og:url\" content=\"https:\/\/www.selry.fi\/sv\/\" \/>\n<meta property=\"og:site_name\" content=\"Suomen Elintarvikety\u00f6l\u00e4isten Liitto SEL\" \/>\n<meta property=\"article:publisher\" content=\"https:\/\/www.facebook.com\/selry\" \/>\n<meta property=\"article:modified_time\" content=\"2022-04-29T08:31:08+00:00\" \/>\n<meta property=\"og:image\" content=\"https:\/\/www.selry.fi\/wp-content\/uploads\/2021\/05\/sel-placeholder-image.jpg\" \/>\n\t<meta property=\"og:image:width\" content=\"1920\" \/>\n\t<meta property=\"og:image:height\" content=\"1080\" \/>\n\t<meta property=\"og:image:type\" content=\"image\/jpeg\" \/>\n<meta name=\"twitter:card\" content=\"summary_large_image\" \/>\n<meta name=\"twitter:site\" content=\"@selryfi\" \/>\n<script type=\"application\/ld+json\" class=\"yoast-schema-graph\">{\"@context\":\"https:\/\/schema.org\",\"@graph\":[{\"@type\":\"WebPage\",\"@id\":\"https:\/\/www.selry.fi\/sv\/\",\"url\":\"https:\/\/www.selry.fi\/sv\/\",\"name\":\"Framsida\",\"isPartOf\":{\"@id\":\"https:\/\/www.selry.fi\/#website\"},\"datePublished\":\"2019-10-25T07:29:58+00:00\",\"dateModified\":\"2022-04-29T08:31:08+00:00\",\"breadcrumb\":{\"@id\":\"https:\/\/www.selry.fi\/sv\/#breadcrumb\"},\"inLanguage\":\"sv-SE\",\"potentialAction\":[{\"@type\":\"ReadAction\",\"target\":[\"https:\/\/www.selry.fi\/sv\/\"]}]},{\"@type\":\"BreadcrumbList\",\"@id\":\"https:\/\/www.selry.fi\/sv\/#breadcrumb\",\"itemListElement\":[{\"@type\":\"ListItem\",\"position\":1,\"name\":\"Home\",\"item\":\"https:\/\/www.selry.fi\/sv\/\"},{\"@type\":\"ListItem\",\"position\":2,\"name\":\"Framsida\"}]},{\"@type\":\"WebSite\",\"@id\":\"https:\/\/www.selry.fi\/#website\",\"url\":\"https:\/\/www.selry.fi\/\",\"name\":\"Suomen Elintarvikety\u00f6l\u00e4isten Liitto SEL\",\"description\":\"\",\"publisher\":{\"@id\":\"https:\/\/www.selry.fi\/#organization\"},\"inLanguage\":\"sv-SE\"},{\"@type\":\"Organization\",\"@id\":\"https:\/\/www.selry.fi\/#organization\",\"name\":\"Suomen Elintarvikety\u00f6l\u00e4isten Liitto SEL\",\"url\":\"https:\/\/www.selry.fi\/\",\"logo\":{\"@type\":\"ImageObject\",\"inLanguage\":\"sv-SE\",\"@id\":\"https:\/\/www.selry.fi\/#\/schema\/logo\/image\/\",\"url\":\"https:\/\/www.selry.fi\/wp-content\/uploads\/2021\/05\/logo-sel.svg\",\"contentUrl\":\"https:\/\/www.selry.fi\/wp-content\/uploads\/2021\/05\/logo-sel.svg\",\"width\":453,\"height\":135,\"caption\":\"Suomen Elintarvikety\u00f6l\u00e4isten Liitto SEL\"},\"image\":{\"@id\":\"https:\/\/www.selry.fi\/#\/schema\/logo\/image\/\"},\"sameAs\":[\"https:\/\/www.facebook.com\/selry\",\"https:\/\/x.com\/selryfi\"]}]}<\/script>\n<!-- \/ Yoast SEO plugin. -->","yoast_head_json":{"title":"Framsida","robots":{"index":"index","follow":"follow","max-snippet":"max-snippet:-1","max-image-preview":"max-image-preview:large","max-video-preview":"max-video-preview:-1"},"canonical":"https:\/\/www.selry.fi\/sv\/","og_locale":"sv_SE","og_type":"article","og_title":"Framsida","og_url":"https:\/\/www.selry.fi\/sv\/","og_site_name":"Suomen Elintarvikety\u00f6l\u00e4isten Liitto SEL","article_publisher":"https:\/\/www.facebook.com\/selry","article_modified_time":"2022-04-29T08:31:08+00:00","og_image":[{"width":1920,"height":1080,"url":"https:\/\/www.selry.fi\/wp-content\/uploads\/2021\/05\/sel-placeholder-image.jpg","type":"image\/jpeg"}],"twitter_card":"summary_large_image","twitter_site":"@selryfi","schema":{"@context":"https:\/\/schema.org","@graph":[{"@type":"WebPage","@id":"https:\/\/www.selry.fi\/sv\/","url":"https:\/\/www.selry.fi\/sv\/","name":"Framsida","isPartOf":{"@id":"https:\/\/www.selry.fi\/#website"},"datePublished":"2019-10-25T07:29:58+00:00","dateModified":"2022-04-29T08:31:08+00:00","breadcrumb":{"@id":"https:\/\/www.selry.fi\/sv\/#breadcrumb"},"inLanguage":"sv-SE","potentialAction":[{"@type":"ReadAction","target":["https:\/\/www.selry.fi\/sv\/"]}]},{"@type":"BreadcrumbList","@id":"https:\/\/www.selry.fi\/sv\/#breadcrumb","itemListElement":[{"@type":"ListItem","position":1,"name":"Home","item":"https:\/\/www.selry.fi\/sv\/"},{"@type":"ListItem","position":2,"name":"Framsida"}]},{"@type":"WebSite","@id":"https:\/\/www.selry.fi\/#website","url":"https:\/\/www.selry.fi\/","name":"Suomen Elintarvikety\u00f6l\u00e4isten Liitto SEL","description":"","publisher":{"@id":"https:\/\/www.selry.fi\/#organization"},"inLanguage":"sv-SE"},{"@type":"Organization","@id":"https:\/\/www.selry.fi\/#organization","name":"Suomen Elintarvikety\u00f6l\u00e4isten Liitto SEL","url":"https:\/\/www.selry.fi\/","logo":{"@type":"ImageObject","inLanguage":"sv-SE","@id":"https:\/\/www.selry.fi\/#\/schema\/logo\/image\/","url":"https:\/\/www.selry.fi\/wp-content\/uploads\/2021\/05\/logo-sel.svg","contentUrl":"https:\/\/www.selry.fi\/wp-content\/uploads\/2021\/05\/logo-sel.svg","width":453,"height":135,"caption":"Suomen Elintarvikety\u00f6l\u00e4isten Liitto SEL"},"image":{"@id":"https:\/\/www.selry.fi\/#\/schema\/logo\/image\/"},"sameAs":["https:\/\/www.facebook.com\/selry","https:\/\/x.com\/selryfi"]}]}},"_links":{"self":[{"href":"https:\/\/www.selry.fi\/sv\/wp-json\/wp\/v2\/pages\/2009","targetHints":{"allow":["GET"]}}],"collection":[{"href":"https:\/\/www.selry.fi\/sv\/wp-json\/wp\/v2\/pages"}],"about":[{"href":"https:\/\/www.selry.fi\/sv\/wp-json\/wp\/v2\/types\/page"}],"author":[{"embeddable":true,"href":"https:\/\/www.selry.fi\/sv\/wp-json\/wp\/v2\/users\/1"}],"replies":[{"embeddable":true,"href":"https:\/\/www.selry.fi\/sv\/wp-json\/wp\/v2\/comments?post=2009"}],"version-history":[{"count":0,"href":"https:\/\/www.selry.fi\/sv\/wp-json\/wp\/v2\/pages\/2009\/revisions"}],"wp:attachment":[{"href":"https:\/\/www.selry.fi\/sv\/wp-json\/wp\/v2\/media?parent=2009"}],"curies":[{"name":"wp","href":"https:\/\/api.w.org\/{rel}","templated":true}]}}